{"id":1426,"date":"2020-06-14T18:28:37","date_gmt":"2020-06-14T18:28:37","guid":{"rendered":"http:\/\/kairosen.bizg.hr\/?page_id=1426"},"modified":"2024-11-25T08:36:16","modified_gmt":"2024-11-25T08:36:16","slug":"volume-12-number-1-2018","status":"publish","type":"page","link":"https:\/\/kairosen.bizg.hr\/index.php\/volume-12-number-1-2018\/","title":{"rendered":"Volume 12, number 1 (2018)"},"content":{"rendered":"<table id=\"toc-table\" style=\"width: 100%; height: 1111px;\">\n<tbody>\n<tr style=\"height: 21px;\">\n<th style=\"width: 87.3077%; height: 21px;\">Contents<\/th>\n<th style=\"width: 12.6923%; height: 21px;\">Full Text<\/th>\n<\/tr>\n<tr class=\"bg-odd\" style=\"height: 116px;\">\n<td style=\"width: 87.3077%; height: 116px;\"><a href=\"https:\/\/kairosen.bizg.hr\/index.php\/jesus-of-the-gospels-and-jesus-of-today\/\">Jesus of the Gospels, and Jesus of today<\/a>\u00a0<span class=\"pages\">(pg. 7-21)<\/span><\/p>\n<p>Ervin Budiseli\u0107<br \/>\nReview article<\/td>\n<td class=\"al-r no-wrap\" style=\"width: 12.6923%; text-align: center; height: 116px;\"><a href=\"https:\/\/hrcak.srce.hr\/file\/294853\">PDF<\/a><\/td>\n<\/tr>\n<tr class=\"bg-even\" style=\"height: 116px;\">\n<td style=\"width: 87.3077%; height: 116px;\"><a href=\"https:\/\/kairosen.bizg.hr\/index.php\/sanctification-through-knowledge-and-imitation-in-philippians\/\">Sanctification Through Knowledge and Imitation in Philippians<\/a>\u00a0<span class=\"pages\">(pg. 23-43)<\/span><\/p>\n<p>Miroslav Balint-Feudvarski<br \/>\nOriginal scientific article<\/td>\n<td class=\"al-r no-wrap\" style=\"width: 12.6923%; text-align: center; height: 116px;\"><a href=\"https:\/\/hrcak.srce.hr\/file\/294855\">PDF<\/a><\/td>\n<\/tr>\n<tr class=\"bg-odd\" style=\"height: 116px;\">\n<td style=\"width: 87.3077%; height: 116px;\"><a href=\"https:\/\/kairosen.bizg.hr\/index.php\/balthasar-hubmaier-and-his-eighteen-articles\/\">Balthasar Hubmaier and His Eighteen Articles<\/a>\u00a0<span class=\"pages\">(pg. 45-65)<\/span><\/p>\n<p>Danijel \u010casni<br \/>\nReview article<\/td>\n<td class=\"al-r no-wrap\" style=\"width: 12.6923%; text-align: center; height: 116px;\"><a href=\"https:\/\/hrcak.srce.hr\/file\/294857\">PDF<\/a><\/td>\n<\/tr>\n<tr class=\"bg-even\" style=\"height: 116px;\">\n<td style=\"width: 87.3077%; height: 116px;\"><a href=\"https:\/\/kairosen.bizg.hr\/index.php\/vulnerability-of-identity-and-memory-jasenovac-ricoeur-and-the-death-of-god\/\">Vulnerability of Identity and Memory: Jasenovac, Ricoeur, and the Death of God<\/a>\u00a0<span class=\"pages\">(pg. 67-79)<\/span><\/p>\n<p>Julijana Mladenovska-Te\u0161ija, Luka \u0110uki\u0107<br \/>\nReview article<\/td>\n<td class=\"al-r no-wrap\" style=\"width: 12.6923%; text-align: center; height: 116px;\"><a href=\"https:\/\/hrcak.srce.hr\/file\/294859\">PDF<\/a><\/td>\n<\/tr>\n<tr class=\"bg-odd\" style=\"height: 116px;\">\n<td style=\"width: 87.3077%; height: 116px;\"><a href=\"https:\/\/kairosen.bizg.hr\/index.php\/liberation-theology-a-critical-analysis\/\">Liberation Theology: A Critical Analysis<\/a>\u00a0<span class=\"pages\">(pg. 81-91)<\/span><\/p>\n<p>Zoltan Vegel<br \/>\nReview article<\/td>\n<td class=\"al-r no-wrap\" style=\"width: 12.6923%; text-align: center; height: 116px;\"><a href=\"https:\/\/hrcak.srce.hr\/file\/294860\">PDF<\/a><\/td>\n<\/tr>\n<tr class=\"bg-even\" style=\"height: 116px;\">\n<td style=\"width: 87.3077%; height: 116px;\"><a href=\"https:\/\/kairosen.bizg.hr\/index.php\/fake-news-and-christian-freedom-the-necessity-for-a-dialogue\/\">\u201cFake News\u201d and Christian Freedom \u2013 The Necessity for A Dialogue<\/a>\u00a0<span class=\"pages\">(pg. 93-106)<\/span><\/p>\n<p>Benjamin KL Simon<br \/>\nReview article<\/td>\n<td class=\"al-r no-wrap\" style=\"width: 12.6923%; text-align: center; height: 116px;\"><a href=\"https:\/\/hrcak.srce.hr\/file\/294865\">PDF<\/a><\/td>\n<\/tr>\n<tr class=\"bg-odd\" style=\"height: 116px;\">\n<td style=\"width: 87.3077%; height: 116px;\"><a href=\"https:\/\/kairosen.bizg.hr\/index.php\/bibleworks-10\/\">BibleWorks 10<\/a>\u00a0<span class=\"pages\">(pg. 109-110)<\/span><\/p>\n<p>Lidija Gunjevi\u0107<br \/>\nReview<\/td>\n<td class=\"al-r no-wrap\" style=\"width: 12.6923%; text-align: center; height: 116px;\"><a href=\"https:\/\/hrcak.srce.hr\/file\/294869\">PDF<\/a><\/td>\n<\/tr>\n<tr class=\"bg-even\" style=\"height: 139px;\">\n<td style=\"width: 87.3077%; height: 139px;\"><a href=\"https:\/\/kairosen.bizg.hr\/index.php\/duane-litfin-pauls-theology-of-preaching-the-apostles-challenge-to-the-art-of-persuasion-in-ancient-corinth\/\">Duane Litfin, Paul\u2019s Theology of Preaching: The Apostle\u2019s Challenge to the Art of Persuasion in Ancient Corinth<\/a>\u00a0<span class=\"pages\">(pg. 111-116)<\/span><\/p>\n<p>Greg Thellman<br \/>\nReview<\/td>\n<td class=\"al-r no-wrap\" style=\"width: 12.6923%; text-align: center; height: 139px;\"><a href=\"https:\/\/hrcak.srce.hr\/file\/294871\">PDF<\/a><\/td>\n<\/tr>\n<tr class=\"bg-odd\" style=\"height: 139px;\">\n<td style=\"width: 87.3077%; height: 139px;\"><a href=\"https:\/\/kairosen.bizg.hr\/index.php\/gregg-allison-and-chris-castaldo-the-unfinished-reformation-what-unites-and-divides-catholics-and-protestants-after-500-years\/\">Gregg Allison and Chris Castaldo, The Unfinished Reformation: What Unites and Divides Catholics and Protestants After 500 Years<\/a>\u00a0<span class=\"pages\">(pg. 116-121)<\/span><\/p>\n<p>Miroslav Balint-Feudvarski<br \/>\nReview<\/td>\n<td class=\"al-r no-wrap\" style=\"width: 12.6923%; text-align: center; height: 139px;\"><a href=\"https:\/\/hrcak.srce.hr\/file\/294876\">PDF<\/a><\/td>\n<\/tr>\n<\/tbody>\n<\/table>\n","protected":false},"excerpt":{"rendered":"<p>Contents Full Text Jesus of the Gospels, and Jesus of today\u00a0(pg. 7-21) Ervin Budiseli\u0107 Review article PDF Sanctification Through Knowledge and Imitation in Philippians\u00a0(pg. 23-43) Miroslav Balint-Feudvarski Original scientific article PDF Balthasar Hubmaier and His Eighteen Articles\u00a0(pg. 45-65) Danijel \u010casni Review article PDF Vulnerability of Identity and Memory: Jasenovac, Ricoeur, and the Death of God\u00a0(pg.&hellip; <\/p>\n<div class=\"readmore-wrapper\"><a href=\"https:\/\/kairosen.bizg.hr\/index.php\/volume-12-number-1-2018\/\" class=\"more-link\">Read More<\/a><\/div>\n","protected":false},"author":1,"featured_media":0,"parent":0,"menu_order":0,"comment_status":"closed","ping_status":"closed","template":"","meta":{"footnotes":""},"class_list":["post-1426","page","type-page","status-publish","hentry"],"_links":{"self":[{"href":"https:\/\/kairosen.bizg.hr\/index.php\/wp-json\/wp\/v2\/pages\/1426","targetHints":{"allow":["GET"]}}],"collection":[{"href":"https:\/\/kairosen.bizg.hr\/index.php\/wp-json\/wp\/v2\/pages"}],"about":[{"href":"https:\/\/kairosen.bizg.hr\/index.php\/wp-json\/wp\/v2\/types\/page"}],"author":[{"embeddable":true,"href":"https:\/\/kairosen.bizg.hr\/index.php\/wp-json\/wp\/v2\/users\/1"}],"replies":[{"embeddable":true,"href":"https:\/\/kairosen.bizg.hr\/index.php\/wp-json\/wp\/v2\/comments?post=1426"}],"version-history":[{"count":14,"href":"https:\/\/kairosen.bizg.hr\/index.php\/wp-json\/wp\/v2\/pages\/1426\/revisions"}],"predecessor-version":[{"id":2314,"href":"https:\/\/kairosen.bizg.hr\/index.php\/wp-json\/wp\/v2\/pages\/1426\/revisions\/2314"}],"wp:attachment":[{"href":"https:\/\/kairosen.bizg.hr\/index.php\/wp-json\/wp\/v2\/media?parent=1426"}],"curies":[{"name":"wp","href":"https:\/\/api.w.org\/{rel}","templated":true}]}}