{"id":1485,"date":"2020-06-14T19:34:05","date_gmt":"2020-06-14T19:34:05","guid":{"rendered":"http:\/\/kairosen.bizg.hr\/?page_id=1485"},"modified":"2020-12-09T10:05:40","modified_gmt":"2020-12-09T10:05:40","slug":"vulnerability-of-identity-and-memory-jasenovac-ricoeur-and-the-death-of-god","status":"publish","type":"page","link":"https:\/\/kairosen.bizg.hr\/index.php\/vulnerability-of-identity-and-memory-jasenovac-ricoeur-and-the-death-of-god\/","title":{"rendered":"Vulnerability of Identity and Memory: Jasenovac, Ricoeur, and the Death of God"},"content":{"rendered":"<p>Review article<br \/>\n<a class=\"normal\" href=\"https:\/\/doi.org\/10.32862\/k.12.1.4\" rel=\"nofollow\">https:\/\/doi.org\/10.32862\/k.12.1.4<\/a><\/p>\n<p><strong>Vulnerability of Identity and Memory: Jasenovac, Ricoeur, and the Death of God<\/strong><\/p>\n<p><strong>Julijana Mladenovska-Te\u0161ija<\/strong>\u00a0\u00a0\u00a0<img decoding=\"async\" src=\"https:\/\/hrcak.srce.hr\/images\/orcid-icon-16x16.png\" alt=\"ORCID icon\" \/>\u00a0<a class=\"normal\" title=\"ORCID profil\" href=\"http:\/\/orcid.org\/0000-0001-5134-0724\" target=\"_blank\" rel=\"noopener noreferrer\">orcid.org\/0000-0001-5134-0724\u00a0<\/a>; Visoko evan\u0111eosko teolo\u0161ko u\u010dili\u0161te, Osijek<br \/>\n<strong>Luka \u0110uki\u0107<\/strong><\/p>\n<table id=\"downloads\" style=\"width: 63.5628%;\">\n<tbody>\n<tr>\n<td style=\"width: 334px;\"><a title=\"Vulnerability of Identity and Memory: Jasenovac, Ricoeur, and the Death of God\" href=\"https:\/\/hrcak.srce.hr\/file\/294859\">Fulltext: <strong>pdf<\/strong>\u00a0(278 KB)<\/a><\/td>\n<td style=\"width: 162px;\">pg. 67-79<\/td>\n<\/tr>\n<\/tbody>\n<\/table>\n<p class=\"al-j\"><strong>Abstract<\/strong><br \/>\nThis paper was created as a result of discussions with the students from the Evangelical Theological Seminary in Osijek, as part of the Introduction into Philosophy course. In the paper we used parts of Luka \u0110uki\u0107\u2019s essay, \u201cMemorial Centers: The Role of Memory,\u201d which have, as part of dialogue regarding the role of memory, been inserted into the text by J. Mladenovska-Te\u0161ija. The purpose of the paper is to emphasize the relevance of Ricoeur\u2019s reflections about memory for Evangelical Christians, especially considering Christ\u2019s death on Calvary as an anti-narrative.<\/p>\n<p><strong>Keywords<\/strong><br \/>\nRicoeur;\u00a0identity;\u00a0memory;\u00a0Jesus Christ;\u00a0trauma;\u00a0resurrection<\/p>\n<p class=\"al-j\"><strong>Hr\u010dak ID:\u00a0<\/strong>215610<\/p>\n<p class=\"al-j\"><strong>URI<\/strong><\/p>\n","protected":false},"excerpt":{"rendered":"<p>Review article https:\/\/doi.org\/10.32862\/k.12.1.4 Vulnerability of Identity and Memory: Jasenovac, Ricoeur, and the Death of God Julijana Mladenovska-Te\u0161ija\u00a0\u00a0\u00a0\u00a0orcid.org\/0000-0001-5134-0724\u00a0; Visoko evan\u0111eosko teolo\u0161ko u\u010dili\u0161te, Osijek Luka \u0110uki\u0107 Fulltext: pdf\u00a0(278 KB) pg. 67-79 Abstract This paper was created as a result of discussions with the students from the Evangelical Theological Seminary in Osijek, as part of the Introduction into&hellip; <\/p>\n<div class=\"readmore-wrapper\"><a href=\"https:\/\/kairosen.bizg.hr\/index.php\/vulnerability-of-identity-and-memory-jasenovac-ricoeur-and-the-death-of-god\/\" class=\"more-link\">Read More<\/a><\/div>\n","protected":false},"author":1,"featured_media":0,"parent":0,"menu_order":0,"comment_status":"closed","ping_status":"closed","template":"","meta":{"footnotes":""},"class_list":["post-1485","page","type-page","status-publish","hentry"],"_links":{"self":[{"href":"https:\/\/kairosen.bizg.hr\/index.php\/wp-json\/wp\/v2\/pages\/1485","targetHints":{"allow":["GET"]}}],"collection":[{"href":"https:\/\/kairosen.bizg.hr\/index.php\/wp-json\/wp\/v2\/pages"}],"about":[{"href":"https:\/\/kairosen.bizg.hr\/index.php\/wp-json\/wp\/v2\/types\/page"}],"author":[{"embeddable":true,"href":"https:\/\/kairosen.bizg.hr\/index.php\/wp-json\/wp\/v2\/users\/1"}],"replies":[{"embeddable":true,"href":"https:\/\/kairosen.bizg.hr\/index.php\/wp-json\/wp\/v2\/comments?post=1485"}],"version-history":[{"count":2,"href":"https:\/\/kairosen.bizg.hr\/index.php\/wp-json\/wp\/v2\/pages\/1485\/revisions"}],"predecessor-version":[{"id":1717,"href":"https:\/\/kairosen.bizg.hr\/index.php\/wp-json\/wp\/v2\/pages\/1485\/revisions\/1717"}],"wp:attachment":[{"href":"https:\/\/kairosen.bizg.hr\/index.php\/wp-json\/wp\/v2\/media?parent=1485"}],"curies":[{"name":"wp","href":"https:\/\/api.w.org\/{rel}","templated":true}]}}