{"id":1731,"date":"2021-06-07T12:31:18","date_gmt":"2021-06-07T12:31:18","guid":{"rendered":"https:\/\/kairosen.bizg.hr\/?page_id=1731"},"modified":"2024-11-25T08:42:31","modified_gmt":"2024-11-25T08:42:31","slug":"volume-15-number-1-2021","status":"publish","type":"page","link":"https:\/\/kairosen.bizg.hr\/index.php\/volume-15-number-1-2021\/","title":{"rendered":"Volume 15, number 1 (2021)"},"content":{"rendered":"<table id=\"toc-table\" style=\"width: 100%;\">\n<tbody>\n<tr>\n<th style=\"width: 87.3077%;\">Contents<\/th>\n<th style=\"width: 12.6923%;\">Full text<\/th>\n<\/tr>\n<tr class=\"bg-odd\">\n<td style=\"width: 87.3077%;\"><span class=\"pages\"><a href=\"https:\/\/kairosen.bizg.hr\/index.php\/gregory-nanzianzens-oration-ii-a-4th-century-vision-of-christian-leadership-for-the-21st-century\/\">Gregory Nanzianzen\u2019s Oration II: A 4th Century Vision of Christian Leadership for the 21st Century<\/a> (pg. 7-27)<\/span><\/p>\n<p>Eric Maroney<br \/>\nOriginal scientific article<\/td>\n<td class=\"al-r no-wrap\" style=\"width: 12.6923%; text-align: center;\"><a href=\"https:\/\/hrcak.srce.hr\/file\/374828\">PDF<\/a><\/td>\n<\/tr>\n<tr class=\"bg-even\">\n<td style=\"width: 87.3077%;\"><span class=\"pages\"><a href=\"https:\/\/kairosen.bizg.hr\/index.php\/german-protestants-in-the-moslavina-and-bilogora-regions-part-i-ethnic-confessional-background-and-settling-in-the-area\/\">German Protestants in the Moslavina and Bilogora Regions &#8211; Part I: Ethnic-Confessional Background and Settling in the Area<\/a> (pg. 29-50)<\/span><\/p>\n<p>Vatroslav \u017dupan\u010di\u0107<br \/>\nOriginal scientific article<\/td>\n<td class=\"al-r no-wrap\" style=\"width: 12.6923%; text-align: center;\"><a href=\"https:\/\/hrcak.srce.hr\/file\/374829\">PDF<\/a><\/td>\n<\/tr>\n<tr class=\"bg-odd\">\n<td style=\"width: 87.3077%;\"><span class=\"pages\"><a href=\"https:\/\/kairosen.bizg.hr\/index.php\/what-would-jesus-do-in-a-distance-learning-mode-of-teaching\/\">What Would Jesus do in a Distance Learning Mode of Teaching?<\/a> (pg. 51-64)<\/span><\/p>\n<p>Maja Seguin<br \/>\nProfessional article<\/td>\n<td class=\"al-r no-wrap\" style=\"width: 12.6923%; text-align: center;\"><a href=\"https:\/\/hrcak.srce.hr\/file\/374830\">PDF<\/a><\/td>\n<\/tr>\n<tr class=\"bg-even\">\n<td style=\"width: 87.3077%;\"><span class=\"pages\"><a href=\"https:\/\/kairosen.bizg.hr\/index.php\/faith-as-a-proper-answer-in-crisis-expecting-gods-intervention-from-habakkuks-perspective-hab-11-24\/\">Faith as a Proper Answer in Crisis: Expecting God\u2019s Intervention from Habakkuk\u2019s Perspective \u2013 Hab. 1:1-2:4<\/a> (pg. 65-80)<\/span><\/p>\n<p>Mihai Handaric<br \/>\nReview article<\/td>\n<td class=\"al-r no-wrap\" style=\"width: 12.6923%; text-align: center;\"><a href=\"https:\/\/hrcak.srce.hr\/file\/374831\">PDF<\/a><\/td>\n<\/tr>\n<tr class=\"bg-odd\">\n<td style=\"width: 87.3077%;\"><span class=\"pages\"><a href=\"https:\/\/kairosen.bizg.hr\/index.php\/not-all-roads-lead-to-god-but-god-walks-all-roads-to-reach-people-the-doctrine-of-prevenient-grace-as-a-paradigm-for-mission\/\">\u201cNot All Roads Lead to God, but God Walks All Roads to Reach People.\u201d The Doctrine of Prevenient Grace as a Paradigm for Mission<\/a> (pg. 81-93)<\/span><\/p>\n<p>Cezarina Glendenning<br \/>\nReview article<\/td>\n<td class=\"al-r no-wrap\" style=\"width: 12.6923%; text-align: center;\"><a href=\"https:\/\/hrcak.srce.hr\/file\/374832\">PDF<\/a><\/td>\n<\/tr>\n<tr class=\"bg-even\">\n<td style=\"width: 87.3077%;\"><span class=\"pages\"><a href=\"https:\/\/kairosen.bizg.hr\/index.php\/toward-a-pentecostal-understanding-of-communio-sanctorum-reflections-on-peter-kuzmic-miroslav-volf-s-theology-of-the-church-as-a-fellowship-of-persons-in-the-context-of-t\/\">Toward a Pentecostal Understanding of Communio Sanctorum: Reflections on Peter Kuzmi\u010d &amp; Miroslav Volf \u2019s \u201cTheology of the Church as a Fellowship of Persons\u201d in the Context of the Pentecostal-Roman Catholic Dialogue<\/a> (pg. 95-111)<\/span><\/p>\n<p>Ciprian Gheorghe-Luca<br \/>\nOriginal scientific article<\/td>\n<td class=\"al-r no-wrap\" style=\"width: 12.6923%; text-align: center;\"><a href=\"https:\/\/hrcak.srce.hr\/file\/374833\">PDF<\/a><\/td>\n<\/tr>\n<tr class=\"bg-odd\">\n<td style=\"width: 87.3077%;\"><span class=\"pages\"><a href=\"https:\/\/kairosen.bizg.hr\/index.php\/the-religious-imagination-and-contemporary-public-theology\/\">The Religious Imagination and Contemporary Public Theology<\/a> (pg. 113-122)<\/span><\/p>\n<p>Beneamin Mocan<br \/>\nReview article<\/td>\n<td class=\"al-r no-wrap\" style=\"width: 12.6923%; text-align: center;\"><a href=\"https:\/\/hrcak.srce.hr\/file\/374834\">PDF<\/a><\/td>\n<\/tr>\n<tr class=\"bg-even\">\n<td style=\"width: 87.3077%;\"><span class=\"pages\"><a href=\"https:\/\/kairosen.bizg.hr\/index.php\/john-h-walton-craig-s-keener-eds-nrsv-cultural-backgrounds-study-bible\/\">John H. Walton &amp; Craig S. Keener (eds.), NRSV Cultural Backgrounds Study Bible<\/a> (pg. 125-126)<\/span><\/p>\n<p>Ervin Budiseli\u0107<br \/>\nCase report<\/td>\n<td class=\"al-r no-wrap\" style=\"width: 12.6923%; text-align: center;\"><a href=\"https:\/\/hrcak.srce.hr\/file\/374835\">PDF<\/a><\/td>\n<\/tr>\n<\/tbody>\n<\/table>\n","protected":false},"excerpt":{"rendered":"<p>Contents Full text Gregory Nanzianzen\u2019s Oration II: A 4th Century Vision of Christian Leadership for the 21st Century (pg. 7-27) Eric Maroney Original scientific article PDF German Protestants in the Moslavina and Bilogora Regions &#8211; Part I: Ethnic-Confessional Background and Settling in the Area (pg. 29-50) Vatroslav \u017dupan\u010di\u0107 Original scientific article PDF What Would Jesus&hellip; <\/p>\n<div class=\"readmore-wrapper\"><a href=\"https:\/\/kairosen.bizg.hr\/index.php\/volume-15-number-1-2021\/\" class=\"more-link\">Read More<\/a><\/div>\n","protected":false},"author":2,"featured_media":0,"parent":0,"menu_order":0,"comment_status":"closed","ping_status":"closed","template":"","meta":{"footnotes":""},"class_list":["post-1731","page","type-page","status-publish","hentry"],"_links":{"self":[{"href":"https:\/\/kairosen.bizg.hr\/index.php\/wp-json\/wp\/v2\/pages\/1731","targetHints":{"allow":["GET"]}}],"collection":[{"href":"https:\/\/kairosen.bizg.hr\/index.php\/wp-json\/wp\/v2\/pages"}],"about":[{"href":"https:\/\/kairosen.bizg.hr\/index.php\/wp-json\/wp\/v2\/types\/page"}],"author":[{"embeddable":true,"href":"https:\/\/kairosen.bizg.hr\/index.php\/wp-json\/wp\/v2\/users\/2"}],"replies":[{"embeddable":true,"href":"https:\/\/kairosen.bizg.hr\/index.php\/wp-json\/wp\/v2\/comments?post=1731"}],"version-history":[{"count":15,"href":"https:\/\/kairosen.bizg.hr\/index.php\/wp-json\/wp\/v2\/pages\/1731\/revisions"}],"predecessor-version":[{"id":2340,"href":"https:\/\/kairosen.bizg.hr\/index.php\/wp-json\/wp\/v2\/pages\/1731\/revisions\/2340"}],"wp:attachment":[{"href":"https:\/\/kairosen.bizg.hr\/index.php\/wp-json\/wp\/v2\/media?parent=1731"}],"curies":[{"name":"wp","href":"https:\/\/api.w.org\/{rel}","templated":true}]}}