{"id":1786,"date":"2021-12-10T11:05:39","date_gmt":"2021-12-10T11:05:39","guid":{"rendered":"https:\/\/kairosen.bizg.hr\/?page_id=1786"},"modified":"2024-11-25T08:43:11","modified_gmt":"2024-11-25T08:43:11","slug":"volume-15-number-2-2021","status":"publish","type":"page","link":"https:\/\/kairosen.bizg.hr\/index.php\/volume-15-number-2-2021\/","title":{"rendered":"Volume 15, number 2 (2021)"},"content":{"rendered":"<table id=\"toc-table\" style=\"width: 100%;\">\n<tbody>\n<tr>\n<th style=\"width: 87.3077%;\">Table of contents<\/th>\n<th style=\"width: 12.6923%;\">Full text<\/th>\n<\/tr>\n<tr class=\"bg-odd\">\n<td style=\"width: 87.3077%;\"><a href=\"https:\/\/kairosen.bizg.hr\/index.php\/the-world-of-the-bible-indispensable-context-in-the-study-of-the-old-testament\/\">The World of the Bible: Indispensable Context in the Study of the Old Testament<\/a><\/p>\n<p>(page 135-150)<\/p>\n<p>Monika Baji\u0107<br \/>\nReview article<\/td>\n<td class=\"al-r no-wrap\" style=\"width: 12.6923%; text-align: center;\"><a href=\"https:\/\/hrcak.srce.hr\/file\/387316\">PDF<\/a><\/td>\n<\/tr>\n<tr class=\"bg-even\">\n<td style=\"width: 87.3077%;\"><a href=\"https:\/\/kairosen.bizg.hr\/index.php\/german-protestants-in-the-moslavina-and-bilogora-regions-part-ii-migrations-evacuations-and-pastors\/\">German Protestants in the Moslavina and Bilogora Regions &#8211; Part II: Migrations, Evacuations, and Pastors<\/a><\/p>\n<p>(page 151-178)<\/p>\n<p>Vatroslav \u017dupan\u010di\u0107<br \/>\nOriginal scientific article<\/td>\n<td class=\"al-r no-wrap\" style=\"width: 12.6923%; text-align: center;\"><a href=\"https:\/\/hrcak.srce.hr\/file\/387317\">PDF<\/a><\/td>\n<\/tr>\n<tr class=\"bg-odd\">\n<td style=\"width: 87.3077%;\"><a href=\"https:\/\/kairosen.bizg.hr\/index.php\/the-church-as-a-court-the-requirement-for-two-or-three-witnesses\/\">The Church as a Court: the Requirement for \u201cTwo or Three Witnesses\u201d<\/a><\/p>\n<p>(page 179-194)<\/p>\n<p>Ervin Budiseli\u0107<br \/>\nReview article<\/td>\n<td class=\"al-r no-wrap\" style=\"width: 12.6923%; text-align: center;\"><a href=\"https:\/\/hrcak.srce.hr\/file\/387318\">PDF<\/a><\/td>\n<\/tr>\n<tr class=\"bg-even\">\n<td style=\"width: 87.3077%;\"><a href=\"https:\/\/kairosen.bizg.hr\/index.php\/the-a-theist-christ-kenosis-as-a-way-of-an-identification-with-atheists-in-the-theology-of-anthony-bloom\/\">The \u201cA-theist\u201d Christ: Kenosis as a Way of an Identification with Atheists in the Theology of Anthony Bloom<\/a><\/p>\n<p><span class=\"pages\"> (page 195-205)<br \/>\n<\/span><\/p>\n<p>Teofil Stanciu<br \/>\nOriginal scientific article<\/td>\n<td class=\"al-r no-wrap\" style=\"width: 12.6923%; text-align: center;\"><a href=\"https:\/\/hrcak.srce.hr\/file\/387319\">PDF<\/a><\/td>\n<\/tr>\n<tr class=\"bg-odd\">\n<td style=\"width: 87.3077%;\"><a href=\"https:\/\/kairosen.bizg.hr\/index.php\/commitment-to-the-truth-a-pastoral-essay\/\">Commitment to the Truth: A Pastoral Essay<\/a><\/p>\n<p>(page 207-214)<\/p>\n<p>Thomas Sibley<br \/>\nEssays<\/td>\n<td class=\"al-r no-wrap\" style=\"width: 12.6923%; text-align: center;\"><a href=\"https:\/\/hrcak.srce.hr\/file\/387320\">PDF<\/a><\/td>\n<\/tr>\n<tr class=\"bg-even\">\n<td style=\"width: 87.3077%;\"><a href=\"https:\/\/kairosen.bizg.hr\/index.php\/corneliu-constantineanu-1967-2021\/\">Corneliu Constantineanu (1967. \u2013 2021.)<\/a><\/p>\n<p><span class=\"pages\"> (page 217-221) <\/span><\/p>\n<p class=\"pl-3\">Peter Kuzmi\u010d<br \/>\nIn memoriam, Obituary<\/p>\n<\/td>\n<td class=\"al-r no-wrap\" style=\"width: 12.6923%; text-align: center;\"><a href=\"https:\/\/hrcak.srce.hr\/file\/387321\">PDF<\/a><\/td>\n<\/tr>\n<tr class=\"bg-odd\">\n<td style=\"width: 87.3077%;\"><a href=\"https:\/\/kairosen.bizg.hr\/index.php\/matthew-kaemingk-and-cory-b-willson-work-and-worship-reconnecting-our-labor-and-liturgy\/\">Matthew Kaemingk and Cory B. Willson Work and Worship: Reconnecting Our Labor and Liturgy<\/a><\/p>\n<p><span class=\"pages\"> (page 230-0) <\/span><\/p>\n<p class=\"pl-3\">Miroslav Balint-Feudvarski<br \/>\nCase report<\/p>\n<\/td>\n<td class=\"al-r no-wrap\" style=\"width: 12.6923%; text-align: center;\"><a href=\"https:\/\/hrcak.srce.hr\/file\/387322\">PDF<\/a><\/td>\n<\/tr>\n<\/tbody>\n<\/table>\n","protected":false},"excerpt":{"rendered":"<p>Table of contents Full text The World of the Bible: Indispensable Context in the Study of the Old Testament (page 135-150) Monika Baji\u0107 Review article PDF German Protestants in the Moslavina and Bilogora Regions &#8211; Part II: Migrations, Evacuations, and Pastors (page 151-178) Vatroslav \u017dupan\u010di\u0107 Original scientific article PDF The Church as a Court: the&hellip; <\/p>\n<div class=\"readmore-wrapper\"><a href=\"https:\/\/kairosen.bizg.hr\/index.php\/volume-15-number-2-2021\/\" class=\"more-link\">Read More<\/a><\/div>\n","protected":false},"author":2,"featured_media":0,"parent":0,"menu_order":0,"comment_status":"closed","ping_status":"closed","template":"","meta":{"footnotes":""},"class_list":["post-1786","page","type-page","status-publish","hentry"],"_links":{"self":[{"href":"https:\/\/kairosen.bizg.hr\/index.php\/wp-json\/wp\/v2\/pages\/1786","targetHints":{"allow":["GET"]}}],"collection":[{"href":"https:\/\/kairosen.bizg.hr\/index.php\/wp-json\/wp\/v2\/pages"}],"about":[{"href":"https:\/\/kairosen.bizg.hr\/index.php\/wp-json\/wp\/v2\/types\/page"}],"author":[{"embeddable":true,"href":"https:\/\/kairosen.bizg.hr\/index.php\/wp-json\/wp\/v2\/users\/2"}],"replies":[{"embeddable":true,"href":"https:\/\/kairosen.bizg.hr\/index.php\/wp-json\/wp\/v2\/comments?post=1786"}],"version-history":[{"count":19,"href":"https:\/\/kairosen.bizg.hr\/index.php\/wp-json\/wp\/v2\/pages\/1786\/revisions"}],"predecessor-version":[{"id":2343,"href":"https:\/\/kairosen.bizg.hr\/index.php\/wp-json\/wp\/v2\/pages\/1786\/revisions\/2343"}],"wp:attachment":[{"href":"https:\/\/kairosen.bizg.hr\/index.php\/wp-json\/wp\/v2\/media?parent=1786"}],"curies":[{"name":"wp","href":"https:\/\/api.w.org\/{rel}","templated":true}]}}