{"id":1916,"date":"2023-06-20T08:36:17","date_gmt":"2023-06-20T08:36:17","guid":{"rendered":"https:\/\/kairosen.bizg.hr\/?page_id=1916"},"modified":"2024-11-25T08:44:32","modified_gmt":"2024-11-25T08:44:32","slug":"volume-17-number-1-2023","status":"publish","type":"page","link":"https:\/\/kairosen.bizg.hr\/index.php\/volume-17-number-1-2023\/","title":{"rendered":"Volume 17, number 1 (2023)"},"content":{"rendered":"<table id=\"toc-table\" style=\"width: 100%;\">\n<tbody>\n<tr>\n<th style=\"width: 87.3077%;\">Table of contents<\/th>\n<th style=\"width: 12.6923%;\">Full text<\/th>\n<\/tr>\n<tr class=\"bg-odd\">\n<td style=\"width: 87.3077%;\"><a href=\"https:\/\/kairosen.bizg.hr\/index.php\/fr-silvije-grubisic-the-neglected-bible-translator-notes-on-some-translation-and-translational-solutions\/\">Fr. Silvije Grubi\u0161i\u0107, the Neglected Bible Translator: Notes on Some Translation and Translational Solutions<\/a><\/p>\n<p>(page 7-21)<\/p>\n<p>Danijel Berkovi\u0107<br \/>\nOriginal scientific article<\/td>\n<td class=\"al-r no-wrap\" style=\"width: 12.6923%; text-align: center;\"><a href=\"https:\/\/hrcak.srce.hr\/file\/438126\">PDF<\/a><\/td>\n<\/tr>\n<tr class=\"bg-even\">\n<td style=\"width: 87.3077%;\"><a href=\"https:\/\/kairosen.bizg.hr\/index.php\/theology-of-the-baptism-in-the-spirit-and-gifts-of-the-spirit-in-the-thought-of-martyn-lloyd-jones-and-his-differences-similarities-and-contributions-in-comparison-to-pentecostal-interpretation\/\">Theology of the Baptism in the Spirit and Gifts of the Spirit in the Thought of Martyn Lloyd-Jones and His Differences, Similarities, and Contributions in Comparison to Pentecostal Interpretation<\/a><\/p>\n<p>(page 23-40)<\/p>\n<p>Matej Saka\u010d<br \/>\nReview article<\/td>\n<td class=\"al-r no-wrap\" style=\"width: 12.6923%; text-align: center;\"><a href=\"https:\/\/hrcak.srce.hr\/file\/438129\">PDF<\/a><\/td>\n<\/tr>\n<tr class=\"bg-odd\">\n<td style=\"width: 87.3077%;\"><a href=\"https:\/\/kairosen.bizg.hr\/index.php\/different-kinds-of-gospel-result-in-different-kinds-of-discipleship\/\">\u201cDifferent Kinds of Gospel Result In Different Kinds of Discipleship\u201d<\/a><\/p>\n<p>(page 41-55)<\/p>\n<p>Dennis Allen, Raymond Monroe<br \/>\nProfessional article<\/td>\n<td class=\"al-r no-wrap\" style=\"width: 12.6923%; text-align: center;\"><a href=\"https:\/\/hrcak.srce.hr\/file\/438130\">PDF<\/a><\/td>\n<\/tr>\n<tr class=\"bg-even\">\n<td style=\"width: 87.3077%;\"><a href=\"https:\/\/kairosen.bizg.hr\/index.php\/theosis-in-discipleship-becoming-godlike-disciples\/\">Theosis in Discipleship: Becoming Godlike Disciples<\/a><\/p>\n<p>(page 57-64)<\/p>\n<p>Goran Medved<br \/>\nReview article<\/td>\n<td class=\"al-r no-wrap\" style=\"width: 12.6923%; text-align: center;\"><a href=\"https:\/\/hrcak.srce.hr\/file\/438131\">PDF<\/a><\/td>\n<\/tr>\n<tr class=\"bg-odd\">\n<td style=\"width: 87.3077%;\"><a href=\"https:\/\/kairosen.bizg.hr\/index.php\/from-the-biblical-theological-institute-in-zagreb-to-the-evangelical-theological-seminary-in-osijek-a-look-back-1972-2022\/\">From the Biblical Theological Institute in Zagreb to the Evangelical Theological Seminary in Osijek: A Look Back (1972\u20132022)<\/a><\/p>\n<p>(page 67-72)<\/p>\n<p>Damir \u0160poljari\u0107<br \/>\nOther<\/td>\n<td class=\"al-r no-wrap\" style=\"width: 12.6923%; text-align: center;\"><a href=\"https:\/\/hrcak.srce.hr\/file\/438132\">PDF<\/a><\/td>\n<\/tr>\n<tr>\n<td style=\"width: 87.3077%;\"><a href=\"https:\/\/kairosen.bizg.hr\/index.php\/michael-niebauer-virtuous-persuasion-a-theology-of-christian-mission-studies-in-historical-and-systematic-theology\/\">Michael Niebauer. Virtuous Persuasion: A Theology of Christian Mission. Studies in Historical and Systematic Theology<\/a><\/p>\n<p>(page 75-81)<\/p>\n<p>Miroslav Balint-Feudvarski<br \/>\nBook review<\/td>\n<td style=\"width: 12.6923%; text-align: center;\"><a href=\"https:\/\/hrcak.srce.hr\/file\/438133\">PDF<\/a><\/td>\n<\/tr>\n<tr>\n<td style=\"width: 87.3077%;\"><a href=\"https:\/\/kairosen.bizg.hr\/index.php\/brett-mccracken-the-wisdom-pyramid-feeding-your-soul-in-a-post-truth-world\/\">Brett McCracken. The Wisdom Pyramid: Feeding Your Soul in a Post-Truth World<\/a><\/p>\n<p>(page 82-87)<\/p>\n<p>Matej Saka\u010d<br \/>\nBook review<\/td>\n<td style=\"width: 12.6923%; text-align: center;\"><a href=\"https:\/\/hrcak.srce.hr\/file\/438134\">PDF<\/a><\/td>\n<\/tr>\n<tr>\n<td style=\"width: 87.3077%;\"><a href=\"https:\/\/kairosen.bizg.hr\/index.php\/david-f-ford-the-gospel-of-john-a-theological-commentary\/\">David F. Ford. The Gospel of John: A Theological Commentary<\/a><\/p>\n<p>(page 87-93)<\/p>\n<p>Gregory S. Thellman<br \/>\nBook review<\/td>\n<td style=\"width: 12.6923%; text-align: center;\"><a href=\"https:\/\/hrcak.srce.hr\/file\/438136\">PDF<\/a><\/td>\n<\/tr>\n<\/tbody>\n<\/table>\n","protected":false},"excerpt":{"rendered":"<p>Table of contents Full text Fr. Silvije Grubi\u0161i\u0107, the Neglected Bible Translator: Notes on Some Translation and Translational Solutions (page 7-21) Danijel Berkovi\u0107 Original scientific article PDF Theology of the Baptism in the Spirit and Gifts of the Spirit in the Thought of Martyn Lloyd-Jones and His Differences, Similarities, and Contributions in Comparison to Pentecostal&hellip; <\/p>\n<div class=\"readmore-wrapper\"><a href=\"https:\/\/kairosen.bizg.hr\/index.php\/volume-17-number-1-2023\/\" class=\"more-link\">Read More<\/a><\/div>\n","protected":false},"author":2,"featured_media":0,"parent":0,"menu_order":0,"comment_status":"closed","ping_status":"closed","template":"","meta":{"footnotes":""},"class_list":["post-1916","page","type-page","status-publish","hentry"],"_links":{"self":[{"href":"https:\/\/kairosen.bizg.hr\/index.php\/wp-json\/wp\/v2\/pages\/1916","targetHints":{"allow":["GET"]}}],"collection":[{"href":"https:\/\/kairosen.bizg.hr\/index.php\/wp-json\/wp\/v2\/pages"}],"about":[{"href":"https:\/\/kairosen.bizg.hr\/index.php\/wp-json\/wp\/v2\/types\/page"}],"author":[{"embeddable":true,"href":"https:\/\/kairosen.bizg.hr\/index.php\/wp-json\/wp\/v2\/users\/2"}],"replies":[{"embeddable":true,"href":"https:\/\/kairosen.bizg.hr\/index.php\/wp-json\/wp\/v2\/comments?post=1916"}],"version-history":[{"count":13,"href":"https:\/\/kairosen.bizg.hr\/index.php\/wp-json\/wp\/v2\/pages\/1916\/revisions"}],"predecessor-version":[{"id":2350,"href":"https:\/\/kairosen.bizg.hr\/index.php\/wp-json\/wp\/v2\/pages\/1916\/revisions\/2350"}],"wp:attachment":[{"href":"https:\/\/kairosen.bizg.hr\/index.php\/wp-json\/wp\/v2\/media?parent=1916"}],"curies":[{"name":"wp","href":"https:\/\/api.w.org\/{rel}","templated":true}]}}