{"id":1933,"date":"2023-06-20T08:46:04","date_gmt":"2023-06-20T08:46:04","guid":{"rendered":"https:\/\/kairosen.bizg.hr\/?page_id=1933"},"modified":"2023-06-20T08:46:04","modified_gmt":"2023-06-20T08:46:04","slug":"from-the-biblical-theological-institute-in-zagreb-to-the-evangelical-theological-seminary-in-osijek-a-look-back-1972-2022","status":"publish","type":"page","link":"https:\/\/kairosen.bizg.hr\/index.php\/from-the-biblical-theological-institute-in-zagreb-to-the-evangelical-theological-seminary-in-osijek-a-look-back-1972-2022\/","title":{"rendered":"From the Biblical Theological Institute in Zagreb to the Evangelical Theological Seminary in Osijek: A Look Back (1972\u20132022)"},"content":{"rendered":"<p>Other<\/p>\n<p><b>From the Biblical Theological Institute in Zagreb to the Evangelical Theological Seminary in Osijek: A Look Back (1972\u20132022)<\/b><\/p>\n<p>Damir \u0160poljari\u0107 ; Evangelical Theological Seminary, Osijek<\/p>\n<div class=\"d-flex justify-content-between\">\n<p>Full text: <a class=\"btn btn-outline-primary btn-sm\" href=\"https:\/\/hrcak.srce.hr\/file\/438132\" target=\"_blank\" rel=\"noopener\">english pdf 69 Kb<\/a><\/p>\n<p>page 67-72<\/p>\n<p><span style=\"color: #1f1f1f; font-size: 16px; font-weight: bold;\">Abstract<\/span><\/p>\n<\/div>\n<h6>Keywords<\/h6>\n<h6>Hr\u010dak ID:<\/h6>\n<p>303884<\/p>\n<h6>URI<\/h6>\n<p><a href=\"https:\/\/hrcak.srce.hr\/303884\">https:\/\/hrcak.srce.hr\/303884<\/a><\/p>\n","protected":false},"excerpt":{"rendered":"<p>Other From the Biblical Theological Institute in Zagreb to the Evangelical Theological Seminary in Osijek: A Look Back (1972\u20132022) Damir \u0160poljari\u0107 ; Evangelical Theological Seminary, Osijek Full text: english pdf 69 Kb page 67-72 Abstract Keywords Hr\u010dak ID: 303884 URI https:\/\/hrcak.srce.hr\/303884<\/p>\n","protected":false},"author":2,"featured_media":0,"parent":0,"menu_order":0,"comment_status":"closed","ping_status":"closed","template":"","meta":{"footnotes":""},"class_list":["post-1933","page","type-page","status-publish","hentry"],"_links":{"self":[{"href":"https:\/\/kairosen.bizg.hr\/index.php\/wp-json\/wp\/v2\/pages\/1933","targetHints":{"allow":["GET"]}}],"collection":[{"href":"https:\/\/kairosen.bizg.hr\/index.php\/wp-json\/wp\/v2\/pages"}],"about":[{"href":"https:\/\/kairosen.bizg.hr\/index.php\/wp-json\/wp\/v2\/types\/page"}],"author":[{"embeddable":true,"href":"https:\/\/kairosen.bizg.hr\/index.php\/wp-json\/wp\/v2\/users\/2"}],"replies":[{"embeddable":true,"href":"https:\/\/kairosen.bizg.hr\/index.php\/wp-json\/wp\/v2\/comments?post=1933"}],"version-history":[{"count":1,"href":"https:\/\/kairosen.bizg.hr\/index.php\/wp-json\/wp\/v2\/pages\/1933\/revisions"}],"predecessor-version":[{"id":1934,"href":"https:\/\/kairosen.bizg.hr\/index.php\/wp-json\/wp\/v2\/pages\/1933\/revisions\/1934"}],"wp:attachment":[{"href":"https:\/\/kairosen.bizg.hr\/index.php\/wp-json\/wp\/v2\/media?parent=1933"}],"curies":[{"name":"wp","href":"https:\/\/api.w.org\/{rel}","templated":true}]}}