{"id":1959,"date":"2023-12-11T09:04:45","date_gmt":"2023-12-11T09:04:45","guid":{"rendered":"https:\/\/kairosen.bizg.hr\/?page_id=1959"},"modified":"2024-11-25T08:45:05","modified_gmt":"2024-11-25T08:45:05","slug":"volume-17-number-2-2023","status":"publish","type":"page","link":"https:\/\/kairosen.bizg.hr\/index.php\/volume-17-number-2-2023\/","title":{"rendered":"Volume 17, number 2 (2023)"},"content":{"rendered":"<table id=\"toc-table\" style=\"width: 100%;\">\n<tbody>\n<tr>\n<th style=\"width: 87.3077%;\">Table of contents<\/th>\n<th style=\"width: 12.6923%;\">Full text<\/th>\n<\/tr>\n<tr class=\"bg-odd\">\n<td style=\"width: 87.3077%;\"><a href=\"https:\/\/kairosen.bizg.hr\/index.php\/life-and-reliability-of-josephus-an-introduction\/\">Life and Reliability of Josephus: An Introduction<\/a><\/p>\n<p>(page 103-133)<\/p>\n<p>Boris Havel<br \/>\nReview article<\/td>\n<td class=\"al-r no-wrap\" style=\"width: 12.6923%; text-align: center;\"><a href=\"https:\/\/hrcak.srce.hr\/file\/448697\">PDF<\/a><\/td>\n<\/tr>\n<tr class=\"bg-even\">\n<td style=\"width: 87.3077%;\"><a href=\"https:\/\/kairosen.bizg.hr\/index.php\/narrating-yhwhs-kingship-in-psalms\/\">Narrating YHWH\u2019s Kingship in Psalms<\/a><\/p>\n<p>(page 135-147)<\/p>\n<p>Mark W. Hamilton<br \/>\nReview article<\/td>\n<td class=\"al-r no-wrap\" style=\"width: 12.6923%; text-align: center;\"><a href=\"https:\/\/hrcak.srce.hr\/file\/448698\">PDF<\/a><\/td>\n<\/tr>\n<tr class=\"bg-odd\">\n<td style=\"width: 87.3077%;\"><a href=\"https:\/\/kairosen.bizg.hr\/index.php\/on-the-newer-literary-critical-approach-to-biblical-poetry\/\">On the Newer Literary-Critical Approach to Biblical Poetry<\/a><\/p>\n<p>(page 149-162)<\/p>\n<p>Kre\u0161imir \u0160imi\u0107<br \/>\nReview article<\/td>\n<td class=\"al-r no-wrap\" style=\"width: 12.6923%; text-align: center;\"><a href=\"https:\/\/hrcak.srce.hr\/file\/448699\">PDF<\/a><\/td>\n<\/tr>\n<tr class=\"bg-even\">\n<td style=\"width: 87.3077%;\"><a href=\"https:\/\/kairosen.bizg.hr\/index.php\/a-religionless-mission-reflecting-on-creations-place-in-mission-theology-with-reference-to-the-croatian-context\/\">A \u201cReligionless\u201d Mission? \u2014 Reflecting on Creation\u2019s Place in Mission Theology with Reference to the Croatian Context<\/a><\/p>\n<p>(page 163-177)<\/p>\n<p>Melody Wachsmuth<br \/>\nReview article<\/td>\n<td class=\"al-r no-wrap\" style=\"width: 12.6923%; text-align: center;\"><a href=\"https:\/\/hrcak.srce.hr\/file\/448700\">PDF<\/a><\/td>\n<\/tr>\n<tr class=\"bg-odd\">\n<td style=\"width: 87.3077%;\"><a href=\"https:\/\/kairosen.bizg.hr\/index.php\/joshuas-journey-of-discipleship\/\">Joshua\u2019s Journey of Discipleship<\/a><\/p>\n<p>(page 179-188)<\/p>\n<p>Daniel G. Oprean<br \/>\nProfessional article<\/td>\n<td class=\"al-r no-wrap\" style=\"width: 12.6923%; text-align: center;\"><a href=\"https:\/\/hrcak.srce.hr\/file\/448701\">PDF<\/a><\/td>\n<\/tr>\n<tr>\n<td style=\"width: 87.3077%;\"><a href=\"https:\/\/kairosen.bizg.hr\/index.php\/j-i-packers-theology-of-discipleship-towards-a-contemporary-evangelical-spirituality\/\">J. I. Packer\u2019s Theology of Discipleship: Towards a Contemporary Evangelical Spirituality<\/a><\/p>\n<p>(page 189-202)<\/p>\n<p>Corneliu C. Simu\u021b<br \/>\nOriginal scientific article<\/td>\n<td style=\"width: 12.6923%; text-align: center;\"><a href=\"https:\/\/hrcak.srce.hr\/file\/448702\">PDF<\/a><\/td>\n<\/tr>\n<tr>\n<td style=\"width: 87.3077%;\"><a href=\"https:\/\/kairosen.bizg.hr\/index.php\/dennis-allen-disciple-dilemma\/\">Dennis Allen. Disciple Dilemma<\/a><\/p>\n<p>(page 205-208)<\/p>\n<p>Jeremy Bohall<br \/>\nBook review<\/td>\n<td style=\"width: 12.6923%; text-align: center;\"><a href=\"https:\/\/hrcak.srce.hr\/file\/448706\">PDF<\/a><\/td>\n<\/tr>\n<tr>\n<td style=\"width: 87.3077%;\"><a href=\"https:\/\/kairosen.bizg.hr\/index.php\/the-1662-book-of-common-prayer-international-edition\/\">The 1662 Book of Common Prayer: International Edition<\/a><\/p>\n<p>(page 208-212)<\/p>\n<p>Miroslav Balint-Feudvarski<br \/>\nBook review<\/td>\n<td style=\"width: 12.6923%; text-align: center;\"><a href=\"https:\/\/hrcak.srce.hr\/file\/448707\">PDF<\/a><\/td>\n<\/tr>\n<tr>\n<td style=\"width: 87.3077%;\"><a href=\"https:\/\/kairosen.bizg.hr\/index.php\/timothy-keller-forgive-why-should-i-and-can-i\/\">Timothy Keller. Forgive: Why should I and can I?<\/a><\/p>\n<p>(page 212-217)<\/p>\n<p>Matej Saka\u010d<br \/>\nBook review<\/td>\n<td style=\"width: 12.6923%; text-align: center;\"><a href=\"https:\/\/hrcak.srce.hr\/file\/448710\">PDF<\/a><\/td>\n<\/tr>\n<\/tbody>\n<\/table>\n","protected":false},"excerpt":{"rendered":"<p>Table of contents Full text Life and Reliability of Josephus: An Introduction (page 103-133) Boris Havel Review article PDF Narrating YHWH\u2019s Kingship in Psalms (page 135-147) Mark W. Hamilton Review article PDF On the Newer Literary-Critical Approach to Biblical Poetry (page 149-162) Kre\u0161imir \u0160imi\u0107 Review article PDF A \u201cReligionless\u201d Mission? \u2014 Reflecting on Creation\u2019s Place&hellip; <\/p>\n<div class=\"readmore-wrapper\"><a href=\"https:\/\/kairosen.bizg.hr\/index.php\/volume-17-number-2-2023\/\" class=\"more-link\">Read More<\/a><\/div>\n","protected":false},"author":2,"featured_media":0,"parent":0,"menu_order":0,"comment_status":"closed","ping_status":"closed","template":"","meta":{"footnotes":""},"class_list":["post-1959","page","type-page","status-publish","hentry"],"_links":{"self":[{"href":"https:\/\/kairosen.bizg.hr\/index.php\/wp-json\/wp\/v2\/pages\/1959","targetHints":{"allow":["GET"]}}],"collection":[{"href":"https:\/\/kairosen.bizg.hr\/index.php\/wp-json\/wp\/v2\/pages"}],"about":[{"href":"https:\/\/kairosen.bizg.hr\/index.php\/wp-json\/wp\/v2\/types\/page"}],"author":[{"embeddable":true,"href":"https:\/\/kairosen.bizg.hr\/index.php\/wp-json\/wp\/v2\/users\/2"}],"replies":[{"embeddable":true,"href":"https:\/\/kairosen.bizg.hr\/index.php\/wp-json\/wp\/v2\/comments?post=1959"}],"version-history":[{"count":14,"href":"https:\/\/kairosen.bizg.hr\/index.php\/wp-json\/wp\/v2\/pages\/1959\/revisions"}],"predecessor-version":[{"id":2353,"href":"https:\/\/kairosen.bizg.hr\/index.php\/wp-json\/wp\/v2\/pages\/1959\/revisions\/2353"}],"wp:attachment":[{"href":"https:\/\/kairosen.bizg.hr\/index.php\/wp-json\/wp\/v2\/media?parent=1959"}],"curies":[{"name":"wp","href":"https:\/\/api.w.org\/{rel}","templated":true}]}}