{"id":1971,"date":"2023-12-11T09:08:02","date_gmt":"2023-12-11T09:08:02","guid":{"rendered":"https:\/\/kairosen.bizg.hr\/?page_id=1971"},"modified":"2023-12-11T09:08:09","modified_gmt":"2023-12-11T09:08:09","slug":"on-the-newer-literary-critical-approach-to-biblical-poetry","status":"publish","type":"page","link":"https:\/\/kairosen.bizg.hr\/index.php\/on-the-newer-literary-critical-approach-to-biblical-poetry\/","title":{"rendered":"On the Newer Literary-Critical Approach to Biblical Poetry"},"content":{"rendered":"<p>Review article<\/p>\n<p><a title=\"doi\" href=\"https:\/\/doi.org\/doi.org\/10.32862\/k.17.2.3\">https:\/\/doi.org\/doi.org\/10.32862\/k.17.2.3<\/a><\/p>\n<p><b>On the Newer Literary-Critical Approach to Biblical Poetry<\/b><\/p>\n<p>Kre\u0161imir \u0160imi\u0107 ; Faculty of Humanities and Social Sciences, Josip Juraj Strossmayer University of Osijek<\/p>\n<div class=\"d-flex justify-content-between\">\n<p>Full text:\u00a0<a class=\"btn btn-outline-primary btn-sm\" href=\"https:\/\/hrcak.srce.hr\/file\/448699\" target=\"_blank\" rel=\"noopener\">english pdf 133 Kb<\/a><\/p>\n<p>page 149-162<\/p>\n<p><span style=\"color: #1f1f1f; font-size: 16px; font-weight: bold;\">Abstract<\/span><\/p>\n<\/div>\n<p>This presentation discusses the views of three renowned authors \u2013 James Kugel, Robert Alter, and Jan Fokkelman \u2013 known for their literary-critical approach to the Bible, concerning biblical poetry. According to Kugel, looking at the Bible through the lens of division into poetry and prose (lyrical and epic literature) means looking at it wrongly. He maintains that even meticulous analyses of parallelism can be distorted if viewed through this lens. Therefore, Kugel asserts that there is no poetry in the Bible but rather a \u201ccontinuum\u201d of loosely connected parallel structures in what we see as prose sections and \u201cheightened rhetoric\u201d in what we often erroneously consider verses. According to Alter, biblical poetry is based on semantic parallelism. However, he points out that poetic expression deliberately avoids complete parallelism, just as language resists mere synonyms by introducing subtle differences between related terms. In contrast, Fokkelman believes that combining prose and poetry, and even transitioning between them, is possible because most Hebrew sentences contain two to eight words and are usually linked in sequences through parataxis (using \u201c\u2026 and\u2026 and\u2026 but\u2026 and then\u201d). All three opinions lead to the conclusion that biblical poetry, like prose, is to a large extent sui generis, and that any distinction between poetry and prose, if it exists at all, is not of the same nature as in Western literary culture and it is, therefore, inappropriate to refer to prosimetrum in the Bible.<\/p>\n<h6>Keywords<\/h6>\n<p>Bible;\u00a0poetry;\u00a0versification;\u00a0James Kugel;\u00a0Robert Alter;\u00a0Jan Fokkelman<\/p>\n<h6>Hr\u010dak ID:<\/h6>\n<p>310930<\/p>\n<h6>URI<\/h6>\n<p><a href=\"https:\/\/hrcak.srce.hr\/310930\">https:\/\/hrcak.srce.hr\/310930<\/a><\/p>\n","protected":false},"excerpt":{"rendered":"<p>Review article https:\/\/doi.org\/doi.org\/10.32862\/k.17.2.3 On the Newer Literary-Critical Approach to Biblical Poetry Kre\u0161imir \u0160imi\u0107 ; Faculty of Humanities and Social Sciences, Josip Juraj Strossmayer University of Osijek Full text:\u00a0english pdf 133 Kb page 149-162 Abstract This presentation discusses the views of three renowned authors \u2013 James Kugel, Robert Alter, and Jan Fokkelman \u2013 known for their&hellip; <\/p>\n<div class=\"readmore-wrapper\"><a href=\"https:\/\/kairosen.bizg.hr\/index.php\/on-the-newer-literary-critical-approach-to-biblical-poetry\/\" class=\"more-link\">Read More<\/a><\/div>\n","protected":false},"author":2,"featured_media":0,"parent":0,"menu_order":0,"comment_status":"closed","ping_status":"closed","template":"","meta":{"footnotes":""},"class_list":["post-1971","page","type-page","status-publish","hentry"],"_links":{"self":[{"href":"https:\/\/kairosen.bizg.hr\/index.php\/wp-json\/wp\/v2\/pages\/1971","targetHints":{"allow":["GET"]}}],"collection":[{"href":"https:\/\/kairosen.bizg.hr\/index.php\/wp-json\/wp\/v2\/pages"}],"about":[{"href":"https:\/\/kairosen.bizg.hr\/index.php\/wp-json\/wp\/v2\/types\/page"}],"author":[{"embeddable":true,"href":"https:\/\/kairosen.bizg.hr\/index.php\/wp-json\/wp\/v2\/users\/2"}],"replies":[{"embeddable":true,"href":"https:\/\/kairosen.bizg.hr\/index.php\/wp-json\/wp\/v2\/comments?post=1971"}],"version-history":[{"count":2,"href":"https:\/\/kairosen.bizg.hr\/index.php\/wp-json\/wp\/v2\/pages\/1971\/revisions"}],"predecessor-version":[{"id":1973,"href":"https:\/\/kairosen.bizg.hr\/index.php\/wp-json\/wp\/v2\/pages\/1971\/revisions\/1973"}],"wp:attachment":[{"href":"https:\/\/kairosen.bizg.hr\/index.php\/wp-json\/wp\/v2\/media?parent=1971"}],"curies":[{"name":"wp","href":"https:\/\/api.w.org\/{rel}","templated":true}]}}