{"id":2055,"date":"2024-03-06T09:58:42","date_gmt":"2024-03-06T09:58:42","guid":{"rendered":"https:\/\/kairosen.bizg.hr\/?page_id=2055"},"modified":"2024-10-18T09:05:20","modified_gmt":"2024-10-18T09:05:20","slug":"impressum","status":"publish","type":"page","link":"https:\/\/kairosen.bizg.hr\/index.php\/impressum\/","title":{"rendered":"Impressum"},"content":{"rendered":"<table style=\"border-collapse: collapse; width: 100%; height: 936px;\">\n<tbody>\n<tr style=\"height: 120px;\">\n<td style=\"width: 50%; height: 120px;\">Publishers<\/td>\n<td style=\"width: 50%; height: 120px;\"><a href=\"https:\/\/www.bizg.hr\/\">Biblical Institute<\/a>, Ku\u0161lanova 21, 10000 Zagreb<br \/>\n<a href=\"http:\/\/www.evtos.hr\/en\/\">Evangelical Theological Seminary<\/a>, Cvjetkova 34, 31000 Osijek<\/td>\n<\/tr>\n<tr style=\"height: 24px;\">\n<td style=\"width: 50%; height: 24px;\">ISSN<\/td>\n<td style=\"width: 50%; height: 24px;\">1846-4599 (Print), 1848-2511 (Electronic)<\/td>\n<\/tr>\n<tr style=\"height: 96px;\">\n<td style=\"width: 50%; height: 96px;\">Editor in Chief<\/td>\n<td style=\"width: 50%; height: 96px;\">Ervin Budiseli\u0107; <a href=\"mailto:kairos@bizg.hr\">kairos@bizg.hr<\/a><br \/>\nORCID: <a href=\"https:\/\/orcid.org\/0000-0003-1743-4203\">orcid.org\/0000-0003-1743-4203<\/a><\/td>\n<\/tr>\n<tr style=\"height: 96px;\">\n<td style=\"width: 50%; height: 96px;\">Assistant Editor<\/td>\n<td style=\"width: 50%; height: 96px;\">Dalibor Kraljik; <span style=\"font-weight: 400;\"><a href=\"mailto:dalibor.kraljik@evtos.hr\" target=\"_blank\" rel=\"noopener\">dalibor.kraljik@evtos.hr<\/a><\/span><br \/>\nORCID: <a href=\"http:\/\/orcid.org\/0000-0002-7163-8568\">orcid.org\/0000-0002-7163-8568<\/a><\/td>\n<\/tr>\n<tr style=\"height: 24px;\">\n<td style=\"width: 50%; height: 24px;\">Secretary<\/td>\n<td style=\"width: 50%; height: 24px;\">\u017deljka Strej\u010dek; <a href=\"mailto:zstrejcek@bizg.hr\">zstrejcek@bizg.hr<\/a><\/td>\n<\/tr>\n<tr style=\"height: 192px;\">\n<td style=\"width: 50%; height: 192px;\">Editorial Board<\/td>\n<td style=\"width: 50%; height: 192px;\">Danijel Berkovi\u0107 (Zagreb, Croatia); Ervin Budiseli\u0107 (Zagreb, Croatia); Kotel Dadon (Zagreb, Croatia); Mark Hamilton (USA); Dalibor Kraljik (Osijek, Croatia); Peter Kuzmi\u010d (Osijek, Croatia \/ Boston, USA); Marcel M\u00e3celaru (Arad, Romania); Perry L. Stepp (Zagreb, Croatia \/ USA); Gregory S. Thellman (Osijek, Croatia)<\/td>\n<\/tr>\n<tr style=\"height: 240px;\">\n<td style=\"width: 50%; height: 240px;\">Advisory Council<\/td>\n<td style=\"width: 50%; height: 240px;\">Kostake Milkov (Balkan Institute for Faith and Culture, Skopje, Makedonija); Constantine Prokhorov (Novosibirsk Biblical Theological Seminary, Novosibirsk, Rusija); Gerald Shenk (Eastern Mennonite Seminary, Harrisonburg, USA); Andrea Sterk (University of Florida Department of History, Gainesville, USA); Wojciech Szczerba (Evangelical School of Theology, Wroc\u0142aw, Poljska)<\/td>\n<\/tr>\n<tr style=\"height: 24px;\">\n<td style=\"width: 50%; height: 24px;\">English Language Editor<\/td>\n<td style=\"width: 50%; height: 24px;\">Emily K. Brown<\/td>\n<\/tr>\n<tr style=\"height: 24px;\">\n<td style=\"width: 50%; height: 24px;\">Proof-reader<\/td>\n<td style=\"width: 50%; height: 24px;\">Emily K. Brown<\/td>\n<\/tr>\n<tr style=\"height: 24px;\">\n<td style=\"width: 50%; height: 24px;\">Translation<\/td>\n<td style=\"width: 50%; height: 24px;\">Ivana Balint-Feudvarski<\/td>\n<\/tr>\n<tr style=\"height: 24px;\">\n<td style=\"width: 50%; height: 24px;\">Cover design<\/td>\n<td style=\"width: 50%; height: 24px;\">Iva \u0110akovi\u0107<\/td>\n<\/tr>\n<tr style=\"height: 24px;\">\n<td style=\"width: 50%; height: 24px;\">Layout<\/td>\n<td style=\"width: 50%; height: 24px;\">\u017deljka Strej\u010dek<\/td>\n<\/tr>\n<tr style=\"height: 24px;\">\n<td style=\"width: 50%; height: 24px;\">Address<\/td>\n<td style=\"width: 50%; height: 24px;\">Kairos, Ku\u0161lanova 21, 10000 Zagreb, Croatia<br \/>\nTel\/fax: + 38512338638; <a href=\"https:\/\/kairosen.bizg.hr\/\">https:\/\/kairosen.bizg.hr\/<\/a><\/td>\n<\/tr>\n<\/tbody>\n<\/table>\n","protected":false},"excerpt":{"rendered":"<p>Publishers Biblical Institute, Ku\u0161lanova 21, 10000 Zagreb Evangelical Theological Seminary, Cvjetkova 34, 31000 Osijek ISSN 1846-4599 (Print), 1848-2511 (Electronic) Editor in Chief Ervin Budiseli\u0107; kairos@bizg.hr ORCID: orcid.org\/0000-0003-1743-4203 Assistant Editor Dalibor Kraljik; dalibor.kraljik@evtos.hr ORCID: orcid.org\/0000-0002-7163-8568 Secretary \u017deljka Strej\u010dek; zstrejcek@bizg.hr Editorial Board Danijel Berkovi\u0107 (Zagreb, Croatia); Ervin Budiseli\u0107 (Zagreb, Croatia); Kotel Dadon (Zagreb, Croatia); Mark Hamilton (USA);&hellip; <\/p>\n<div class=\"readmore-wrapper\"><a href=\"https:\/\/kairosen.bizg.hr\/index.php\/impressum\/\" class=\"more-link\">Read More<\/a><\/div>\n","protected":false},"author":2,"featured_media":0,"parent":0,"menu_order":0,"comment_status":"closed","ping_status":"closed","template":"","meta":{"footnotes":""},"class_list":["post-2055","page","type-page","status-publish","hentry"],"_links":{"self":[{"href":"https:\/\/kairosen.bizg.hr\/index.php\/wp-json\/wp\/v2\/pages\/2055","targetHints":{"allow":["GET"]}}],"collection":[{"href":"https:\/\/kairosen.bizg.hr\/index.php\/wp-json\/wp\/v2\/pages"}],"about":[{"href":"https:\/\/kairosen.bizg.hr\/index.php\/wp-json\/wp\/v2\/types\/page"}],"author":[{"embeddable":true,"href":"https:\/\/kairosen.bizg.hr\/index.php\/wp-json\/wp\/v2\/users\/2"}],"replies":[{"embeddable":true,"href":"https:\/\/kairosen.bizg.hr\/index.php\/wp-json\/wp\/v2\/comments?post=2055"}],"version-history":[{"count":11,"href":"https:\/\/kairosen.bizg.hr\/index.php\/wp-json\/wp\/v2\/pages\/2055\/revisions"}],"predecessor-version":[{"id":2311,"href":"https:\/\/kairosen.bizg.hr\/index.php\/wp-json\/wp\/v2\/pages\/2055\/revisions\/2311"}],"wp:attachment":[{"href":"https:\/\/kairosen.bizg.hr\/index.php\/wp-json\/wp\/v2\/media?parent=2055"}],"curies":[{"name":"wp","href":"https:\/\/api.w.org\/{rel}","templated":true}]}}